{"id":2,"date":"2011-05-24T00:32:35","date_gmt":"2011-05-24T00:32:35","guid":{"rendered":"http:\/\/dlightingmexico.com\/dl11\/?page_id=2"},"modified":"2011-11-05T04:20:27","modified_gmt":"2011-11-05T04:20:27","slug":"dlighting","status":"publish","type":"page","link":"http:\/\/dlightingmexico.com\/dl11\/dlighting\/","title":{"rendered":"D&#8217;Lighting"},"content":{"rendered":"<blockquote><p>Misi\u00f3n<\/p>\n<p>&nbsp;<\/p>\n<p>Satisfacer las necesidades de nuestros clientes y distribuidores a trav\u00e9s de la diversa gama de luminarios, elaborados con la m\u00e1s alta tecnolog\u00eda, en t\u00e9rminos de calidad, servicio y precios competitivos..<\/p><\/blockquote>\n<p>&nbsp;<\/p>\n<blockquote><p>Visi\u00f3n<\/p>\n<p>&nbsp;<\/p>\n<p>Mantener y acrecentar el liderazgo de participaci\u00f3n en los diferentes mercados o sectores donde participamos, ofreciendo un servicio donde la inversi\u00f3n de nuestros clientes y distribuidores sea la m\u00e1s rentable en el mercado..<\/p><\/blockquote>\n<p>&nbsp;<\/p>\n<blockquote><p>Filosof\u00eda<\/p>\n<p>&nbsp;<\/p>\n<p>Tener responsabilidad, compromiso, y la mejor calidad en luminarios para nuestros clientes.<\/p><\/blockquote>\n<p>&nbsp;<\/p>\n","protected":false},"excerpt":{"rendered":"<p>Misi\u00f3n &nbsp; Satisfacer las necesidades de nuestros clientes y distribuidores a trav\u00e9s de la diversa gama de luminarios, elaborados con la m\u00e1s alta tecnolog\u00eda, en t\u00e9rminos de calidad, servicio y [&hellip;]<\/p>\n","protected":false},"author":1,"featured_media":0,"parent":0,"menu_order":1,"comment_status":"open","ping_status":"closed","template":"","meta":{"footnotes":""},"class_list":["post-2","page","type-page","status-publish","hentry"],"_links":{"self":[{"href":"http:\/\/dlightingmexico.com\/dl11\/wp-json\/wp\/v2\/pages\/2","targetHints":{"allow":["GET"]}}],"collection":[{"href":"http:\/\/dlightingmexico.com\/dl11\/wp-json\/wp\/v2\/pages"}],"about":[{"href":"http:\/\/dlightingmexico.com\/dl11\/wp-json\/wp\/v2\/types\/page"}],"author":[{"embeddable":true,"href":"http:\/\/dlightingmexico.com\/dl11\/wp-json\/wp\/v2\/users\/1"}],"replies":[{"embeddable":true,"href":"http:\/\/dlightingmexico.com\/dl11\/wp-json\/wp\/v2\/comments?post=2"}],"version-history":[{"count":12,"href":"http:\/\/dlightingmexico.com\/dl11\/wp-json\/wp\/v2\/pages\/2\/revisions"}],"predecessor-version":[{"id":35,"href":"http:\/\/dlightingmexico.com\/dl11\/wp-json\/wp\/v2\/pages\/2\/revisions\/35"}],"wp:attachment":[{"href":"http:\/\/dlightingmexico.com\/dl11\/wp-json\/wp\/v2\/media?parent=2"}],"curies":[{"name":"wp","href":"https:\/\/api.w.org\/{rel}","templated":true}]}}