{"id":202,"date":"2011-11-03T21:09:25","date_gmt":"2011-11-03T21:09:25","guid":{"rendered":"http:\/\/dlightingmexico.com\/dl11\/?page_id=202"},"modified":"2019-03-27T05:25:54","modified_gmt":"2019-03-27T05:25:54","slug":"directorio","status":"publish","type":"page","link":"http:\/\/dlightingmexico.com\/dl11\/directorio\/","title":{"rendered":"Directorio"},"content":{"rendered":"<blockquote>\n<p style=\"text-align: center;\"><div class=\"ccw_plugin sc_item  \" style=\"  \" ><div class=\"style-4 chip pointer ccw-analytics\" data-ccw=\"style-4-sc\" style=\" color: rgba(0, 0, 0, 0.6); background-color: #e4e4e4 \" onclick=\"window.open('https:\/\/web.whatsapp.com\/send?phone=525518021597&text=Hola, buen d\u00eda, me gustar\u00eda obtener m\u00e1s informes.', '_blank', 'noreferrer')\"><img decoding=\"async\" class=\"ccw-analytics\" data-ccw=\"style-4-sc\" src=\"http:\/\/dlightingmexico.com\/dl11\/wp-content\/plugins\/click-to-chat-for-whatsapp\/.\/new\/inc\/assets\/img\/whatsapp-logo-32x32.png\" alt=\"WhatsApp chat\" >M\u00e1ndanos un WhatsApp<\/div><\/div><\/p>\n<p style=\"text-align: center;\"><div class=\"ccw_plugin inline style1-sc sc_item  \" style=\"  \" ><button onclick=\"window.open('https:\/\/web.whatsapp.com\/send?phone=525518021597&text=Hola, buen d\u00eda, me gustar\u00eda obtener m\u00e1s informes.', '_blank', 'noreferrer')\">Escribe aqu\u00ed<\/button><\/div><\/p>\n<table width=\"550\" align=\"center\">\n<tbody>\n<tr>\n<td width=\"151\"><\/td>\n<td width=\"224\">\n<div align=\"center\">\n<p>TELEFONO<\/p>\n<hr \/>\n<\/div>\n<\/td>\n<td>\n<div align=\"center\">\n<p>CORREO<\/p>\n<hr \/>\n<\/div>\n<\/td>\n<\/tr>\n<tr>\n<td>CORPORATIVO:<\/td>\n<td>\n<div align=\"center\">58124747, fax: 58122529<\/div>\n<\/td>\n<td>\n<div align=\"center\">dlighting@dlightingmexico.com<\/div>\n<\/td>\n<\/tr>\n<tr>\n<td>VENTAS:<\/td>\n<td>\n<div align=\"center\">nextel: 10420714<\/div>\n<\/td>\n<td>\n<div align=\"center\">christian@dlightingmexico.com<\/div>\n<\/td>\n<\/tr>\n<tr>\n<td>VENTAS 2:<\/td>\n<td>\n<div align=\"center\">58124747<\/div>\n<\/td>\n<td>\n<div align=\"center\">sandy@dlightingmexico.com<\/div>\n<\/td>\n<\/tr>\n<tr>\n<td>COMPRAS:<\/td>\n<td>\n<div align=\"center\">10420685<\/div>\n<\/td>\n<td>\n<div align=\"center\">gaby@dlightingmexico.com<\/div>\n<\/td>\n<\/tr>\n<tr>\n<td>TRANSPORTE:<\/td>\n<td>\n<div align=\"center\">19885651<\/div>\n<\/td>\n<td>\n<div align=\"center\">israel@dlightingmexico.com<\/div>\n<\/td>\n<\/tr>\n<tr>\n<td>PRODUCCION:<\/td>\n<td>\n<div align=\"center\">nextel: 13256485<\/div>\n<\/td>\n<td>\n<div align=\"center\">antonio@dlightingmexico.com<\/div>\n<\/td>\n<\/tr>\n<tr>\n<td>DISE\u00d1O:<\/td>\n<td>\n<div align=\"center\">04455 30187043<\/div>\n<\/td>\n<td>\n<div align=\"center\">mondragon@allmediamx.com<\/div>\n<\/td>\n<\/tr>\n<\/tbody>\n<\/table>\n<\/blockquote>\n","protected":false},"excerpt":{"rendered":"<p>TELEFONO CORREO CORPORATIVO: 58124747, fax: 58122529 dlighting@dlightingmexico.com VENTAS: nextel: 10420714 christian@dlightingmexico.com VENTAS 2: 58124747 sandy@dlightingmexico.com COMPRAS: 10420685 gaby@dlightingmexico.com TRANSPORTE: 19885651 israel@dlightingmexico.com PRODUCCION: nextel: 13256485 antonio@dlightingmexico.com DISE\u00d1O: 04455 30187043 mondragon@allmediamx.com<\/p>\n","protected":false},"author":1,"featured_media":0,"parent":0,"menu_order":0,"comment_status":"open","ping_status":"closed","template":"","meta":{"footnotes":""},"class_list":["post-202","page","type-page","status-publish","hentry"],"_links":{"self":[{"href":"http:\/\/dlightingmexico.com\/dl11\/wp-json\/wp\/v2\/pages\/202","targetHints":{"allow":["GET"]}}],"collection":[{"href":"http:\/\/dlightingmexico.com\/dl11\/wp-json\/wp\/v2\/pages"}],"about":[{"href":"http:\/\/dlightingmexico.com\/dl11\/wp-json\/wp\/v2\/types\/page"}],"author":[{"embeddable":true,"href":"http:\/\/dlightingmexico.com\/dl11\/wp-json\/wp\/v2\/users\/1"}],"replies":[{"embeddable":true,"href":"http:\/\/dlightingmexico.com\/dl11\/wp-json\/wp\/v2\/comments?post=202"}],"version-history":[{"count":8,"href":"http:\/\/dlightingmexico.com\/dl11\/wp-json\/wp\/v2\/pages\/202\/revisions"}],"predecessor-version":[{"id":352,"href":"http:\/\/dlightingmexico.com\/dl11\/wp-json\/wp\/v2\/pages\/202\/revisions\/352"}],"wp:attachment":[{"href":"http:\/\/dlightingmexico.com\/dl11\/wp-json\/wp\/v2\/media?parent=202"}],"curies":[{"name":"wp","href":"https:\/\/api.w.org\/{rel}","templated":true}]}}