{"id":211,"date":"2011-11-03T21:14:29","date_gmt":"2011-11-03T21:14:29","guid":{"rendered":"http:\/\/dlightingmexico.com\/dl11\/?page_id=211"},"modified":"2011-11-05T22:07:00","modified_gmt":"2011-11-05T22:07:00","slug":"proteccion-de-proyecto","status":"publish","type":"page","link":"http:\/\/dlightingmexico.com\/dl11\/proteccion-de-proyecto\/","title":{"rendered":"Protecci\u00f3n de proyecto"},"content":{"rendered":"\n\t\t<div id=\"usermessage2a\" class=\"cf_info \"><\/div>\n\t\t<form enctype=\"multipart\/form-data\" action=\"\/dl11\/wp-json\/wp\/v2\/pages\/211#usermessage2a\" method=\"post\" class=\"cform poteccionproyecto \" id=\"cforms2form\">\n\t\t<fieldset class=\"cf-fs1\">\n\t\t<legend>Datos del cliente<\/legend>\n\t\t<ol class=\"cf-ol\">\n\t\t\t<li id=\"li-2-2\" class=\"\"><label for=\"cf2_field_2\"><span>Nombre<\/span><\/label><input type=\"text\" name=\"cf2_field_2\" id=\"cf2_field_2\" class=\"single fldrequired\" value=\"\" onfocus=\"clearField(this)\" onblur=\"setField(this)\"\/><span class=\"reqtxt\">Obligatorio<\/span><\/li>\n\t\t\t<li id=\"li-2-3\" class=\"\"><label for=\"cf2_field_3\"><span>Empresa<\/span><\/label><input type=\"text\" name=\"cf2_field_3\" id=\"cf2_field_3\" class=\"single fldrequired\" value=\"\" onfocus=\"clearField(this)\" onblur=\"setField(this)\"\/><span class=\"reqtxt\">Obligatorio<\/span><\/li>\n\t\t\t<li id=\"li-2-4\" class=\"\"><label for=\"cf2_field_4\"><span>Proyecto<\/span><\/label><input type=\"text\" name=\"cf2_field_4\" id=\"cf2_field_4\" class=\"single fldrequired\" value=\"\" onfocus=\"clearField(this)\" onblur=\"setField(this)\"\/><span class=\"reqtxt\">Obligatorio<\/span><\/li>\n\t\t\t<li id=\"li-2-5\" class=\"\"><label for=\"cf2_field_5\"><span>Ubicaci\u00f3n<\/span><\/label><input type=\"text\" name=\"cf2_field_5\" id=\"cf2_field_5\" class=\"single fldrequired\" value=\"\" onfocus=\"clearField(this)\" onblur=\"setField(this)\"\/><span class=\"reqtxt\">Obligatorio<\/span><\/li>\n\t\t\t<li id=\"li-2-6\" class=\"\"><label for=\"cf2_field_6\"><span>Tel\u00e9fono<\/span><\/label><input type=\"text\" name=\"cf2_field_6\" id=\"cf2_field_6\" class=\"single\" value=\"\" onfocus=\"clearField(this)\" onblur=\"setField(this)\"\/><\/li>\n\t\t\t<li id=\"li-2-7\" class=\"\"><label for=\"cf2_field_7\"><span>Email<\/span><\/label><input type=\"text\" name=\"cf2_field_7\" id=\"cf2_field_7\" class=\"single fldemail fldrequired\" value=\"\" onfocus=\"clearField(this)\" onblur=\"setField(this)\"\/><span class=\"emailreqtxt\">email obligatorio<\/span><\/li>\n\t\t<\/ol>\n\t\t<\/fieldset>\n\t\t<fieldset class=\"cf-fs2\">\n\t\t<legend>Proyecto<\/legend>\n\t\t<ol class=\"cf-ol\">\n\t\t\t<li id=\"li-2-10\" class=\"\"><label for=\"cf2_field_10\"><span>Descripci\u00f3n<\/span><\/label><textarea cols=\"30\" rows=\"8\" name=\"cf2_field_10\" id=\"cf2_field_10\" class=\"area\" onfocus=\"clearField(this)\" onblur=\"setField(this)\"><\/textarea><\/li>\n\t\t\t<li id=\"li-2-11\" class=\"\"><label for=\"cf2_field_11\"><span>Comentario<\/span><\/label><textarea cols=\"30\" rows=\"8\" name=\"cf2_field_11\" id=\"cf2_field_11\" class=\"area\" onfocus=\"clearField(this)\" onblur=\"setField(this)\"><\/textarea><\/li>\n\t\t<\/ol>\n\t\t<\/fieldset>\n\n\t\t<fieldset class=\"cf_hidden\">\n\t\t\t<legend>&nbsp;<\/legend>\n\t\t\t<input type=\"hidden\" name=\"cf_working2\" id=\"cf_working2\" value=\"Un%20momento%20por%20favor...\"\/>\n\t\t\t<input type=\"hidden\" name=\"cf_failure2\" id=\"cf_failure2\" value=\"Por%20favor%20complete%20los%20campos%20requeridos%20de%20manera%20correcta\"\/>\n\t\t\t<input type=\"hidden\" name=\"cf_codeerr2\" id=\"cf_codeerr2\" value=\"Please%20double-check%20your%20verification%20code.\"\/>\n\t\t\t<input type=\"hidden\" name=\"cf_customerr2\" id=\"cf_customerr2\" value=\"yyy\"\/>\n\t\t\t<input type=\"hidden\" name=\"cf_popup2\" id=\"cf_popup2\" value=\"yy\"\/>\n\t\t<\/fieldset>\n\t\t<p class=\"cf-sb\"><input type=\"submit\" name=\"sendbutton2\" id=\"sendbutton2\" class=\"sendbutton\" value=\"Enviar\" onclick=\"return cforms_validate('2', false)\"\/><\/p><\/form><p class=\"linklove\" id=\"ll2\"><a href=\"http:\/\/www.deliciousdays.com\/cforms-plugin\"><em>cforms<\/em> contact form by delicious:days<\/a><\/p>\n","protected":false},"excerpt":{"rendered":"<p>Datos del cliente NombreObligatorio EmpresaObligatorio ProyectoObligatorio Ubicaci\u00f3nObligatorio Tel\u00e9fono Emailemail obligatorio Proyecto Descripci\u00f3n Comentario &nbsp; cforms contact form by delicious:days<\/p>\n","protected":false},"author":1,"featured_media":0,"parent":0,"menu_order":0,"comment_status":"open","ping_status":"closed","template":"","meta":{"footnotes":""},"class_list":["post-211","page","type-page","status-publish","hentry"],"_links":{"self":[{"href":"http:\/\/dlightingmexico.com\/dl11\/wp-json\/wp\/v2\/pages\/211","targetHints":{"allow":["GET"]}}],"collection":[{"href":"http:\/\/dlightingmexico.com\/dl11\/wp-json\/wp\/v2\/pages"}],"about":[{"href":"http:\/\/dlightingmexico.com\/dl11\/wp-json\/wp\/v2\/types\/page"}],"author":[{"embeddable":true,"href":"http:\/\/dlightingmexico.com\/dl11\/wp-json\/wp\/v2\/users\/1"}],"replies":[{"embeddable":true,"href":"http:\/\/dlightingmexico.com\/dl11\/wp-json\/wp\/v2\/comments?post=211"}],"version-history":[{"count":7,"href":"http:\/\/dlightingmexico.com\/dl11\/wp-json\/wp\/v2\/pages\/211\/revisions"}],"predecessor-version":[{"id":277,"href":"http:\/\/dlightingmexico.com\/dl11\/wp-json\/wp\/v2\/pages\/211\/revisions\/277"}],"wp:attachment":[{"href":"http:\/\/dlightingmexico.com\/dl11\/wp-json\/wp\/v2\/media?parent=211"}],"curies":[{"name":"wp","href":"https:\/\/api.w.org\/{rel}","templated":true}]}}