{"id":48,"date":"2011-09-04T00:02:25","date_gmt":"2011-09-04T00:02:25","guid":{"rendered":"http:\/\/dlightingmexico.com\/dl11\/?page_id=48"},"modified":"2021-01-29T01:48:16","modified_gmt":"2021-01-29T01:48:16","slug":"contacto","status":"publish","type":"page","link":"http:\/\/dlightingmexico.com\/dl11\/contacto\/","title":{"rendered":"Contacto"},"content":{"rendered":"<p style=\"text-align: center;\"><iframe loading=\"lazy\" style=\"border: 0;\" tabindex=\"0\" src=\"https:\/\/www.google.com\/maps\/embed?pb=!1m18!1m12!1m3!1d30125.863764246944!2d-99.50680771668758!3d19.293975198381105!2m3!1f0!2f0!3f0!3m2!1i1024!2i768!4f13.1!3m3!1m2!1s0x85cdf59045c42345%3A0xaee1fb20905a7313!2sD'LIGHTING%20MEXICO%20S.A%20DE%20C.V!5e0!3m2!1ses-419!2smx!4v1611884723077!5m2!1ses-419!2smx\" width=\"600\" height=\"450\" frameborder=\"0\" allowfullscreen=\"allowfullscreen\" aria-hidden=\"false\"><\/iframe><\/p>\n<hr \/>\n<blockquote>\n<p align=\"center\">Laureles s\/n, Col. San Agust\u00edn Chignahuapan<\/p>\n<div style=\"text-align: -webkit-center;\">Municipio\u00a0de Lerma, entre Tejocotes y San Agust\u00edn.<\/div>\n<p align=\"center\">Toluca, Estado de M\u00e9xico. C.P.52056<\/p>\n<p align=\"center\">Tel.: 581 247 47<br \/>\ndlighting@dlightingmexico.com<\/p>\n<p style=\"text-align: center;\"><div class=\"ccw_plugin sc_item  \" style=\"  \" ><div class=\"style-4 chip pointer ccw-analytics\" data-ccw=\"style-4-sc\" style=\" color: rgba(0, 0, 0, 0.6); background-color: #e4e4e4 \" onclick=\"window.open('https:\/\/web.whatsapp.com\/send?phone=525518021597&text=Hola, buen d\u00eda, me gustar\u00eda obtener m\u00e1s informes.', '_blank', 'noreferrer')\"><img decoding=\"async\" class=\"ccw-analytics\" data-ccw=\"style-4-sc\" src=\"http:\/\/dlightingmexico.com\/dl11\/wp-content\/plugins\/click-to-chat-for-whatsapp\/.\/new\/inc\/assets\/img\/whatsapp-logo-32x32.png\" alt=\"WhatsApp chat\" >M\u00e1ndanos un WhatsApp<\/div><\/div><\/p>\n<p style=\"text-align: center;\"><div class=\"ccw_plugin inline style1-sc sc_item  \" style=\"  \" ><button onclick=\"window.open('https:\/\/web.whatsapp.com\/send?phone=525518021597&text=Hola, buen d\u00eda, me gustar\u00eda obtener m\u00e1s informes.', '_blank', 'noreferrer')\">Escribe aqu\u00ed<\/button><\/div><\/p>\n<\/blockquote>\n<hr \/>\n<p style=\"text-align: left;\">Ruta recomendada:<br \/>\nTomar carretera M\u00e9xico Toluca, pasar la Marquesa, pasar restaurante la Escondida, pasar agencia BMW, al llegar por las Plazas Outlet por la lateral dar vuelta a la derecha para agarrar libramiento Amomolulco-el llanito, llegar al km. 2 del pueblo el llanito en donde se encontrar\u00e1 una iglesia de color verde, a 200 mts. tomar a la izquierda sobre av. Peralta, pasando el tercer tope dar vuelta a la izquierda, en calle Tejeocote (terracer\u00eda) avanzar 800 mts. llegar a Laureles y encontrar\u00e1n nave industrial en color blanco: DLIGHTNG MEXICO SA DE CV.<\/p>\n","protected":false},"excerpt":{"rendered":"<p>Laureles s\/n, Col. San Agust\u00edn Chignahuapan Municipio\u00a0de Lerma, entre Tejocotes y San Agust\u00edn. Toluca, Estado de M\u00e9xico. C.P.52056 Tel.: 581 247 47 dlighting@dlightingmexico.com Ruta recomendada: Tomar carretera M\u00e9xico Toluca, pasar [&hellip;]<\/p>\n","protected":false},"author":1,"featured_media":0,"parent":0,"menu_order":6,"comment_status":"open","ping_status":"closed","template":"","meta":{"footnotes":""},"class_list":["post-48","page","type-page","status-publish","hentry"],"_links":{"self":[{"href":"http:\/\/dlightingmexico.com\/dl11\/wp-json\/wp\/v2\/pages\/48","targetHints":{"allow":["GET"]}}],"collection":[{"href":"http:\/\/dlightingmexico.com\/dl11\/wp-json\/wp\/v2\/pages"}],"about":[{"href":"http:\/\/dlightingmexico.com\/dl11\/wp-json\/wp\/v2\/types\/page"}],"author":[{"embeddable":true,"href":"http:\/\/dlightingmexico.com\/dl11\/wp-json\/wp\/v2\/users\/1"}],"replies":[{"embeddable":true,"href":"http:\/\/dlightingmexico.com\/dl11\/wp-json\/wp\/v2\/comments?post=48"}],"version-history":[{"count":21,"href":"http:\/\/dlightingmexico.com\/dl11\/wp-json\/wp\/v2\/pages\/48\/revisions"}],"predecessor-version":[{"id":358,"href":"http:\/\/dlightingmexico.com\/dl11\/wp-json\/wp\/v2\/pages\/48\/revisions\/358"}],"wp:attachment":[{"href":"http:\/\/dlightingmexico.com\/dl11\/wp-json\/wp\/v2\/media?parent=48"}],"curies":[{"name":"wp","href":"https:\/\/api.w.org\/{rel}","templated":true}]}}